{"id":12339,"date":"2016-06-22T19:37:24","date_gmt":"2016-06-22T18:37:24","guid":{"rendered":"http:\/\/www.paroisse-aucamville-st-loup-cammas.fr\/site\/?page_id=12339"},"modified":"2019-12-28T15:19:04","modified_gmt":"2019-12-28T14:19:04","slug":"conseil-economique","status":"publish","type":"page","link":"http:\/\/www.paroisse-aucamville-st-loup-cammas.fr\/site\/conseil-economique\/","title":{"rendered":"Le Conseil paroissial pour les affaires \u00e9conomiques"},"content":{"rendered":"<div class=\"fusion-fullwidth fullwidth-box nonhundred-percent-fullwidth non-hundred-percent-height-scrolling\"  style='background-color: rgba(255,255,255,0);background-position: left top;background-repeat: no-repeat;padding-top:20px;padding-right:0px;padding-bottom:20px;padding-left:0px;border-top-width:0px;border-bottom-width:0px;border-color:#eae9e9;border-top-style:solid;border-bottom-style:solid;'><div class=\"fusion-builder-row fusion-row \"><div  class=\"fusion-layout-column fusion_builder_column fusion_builder_column_1_1  fusion-one-full fusion-column-first fusion-column-last 1_1\"  style='margin-top:0px;margin-bottom:20px;'>\n\t\t\t\t\t<div class=\"fusion-column-wrapper\" style=\"padding: 0px 0px 0px 0px;background-position:left top;background-repeat:no-repeat;-webkit-background-size:cover;-moz-background-size:cover;-o-background-size:cover;background-size:cover;\"  data-bg-url=\"\">\n\t\t\t\t\t\t<style type='text\/css'>.reading-box-container-1 .element-bottomshadow:before,.reading-box-container-1 .element-bottomshadow:after{opacity:0.7;}<\/style><div class=\"fusion-reading-box-container reading-box-container-1\" style=\"margin-top:0px;margin-bottom:84px;\"><div class=\"reading-box\" style=\"background-color:#f6f6f6;border-width:1px;border-color:#f6f6f6;border-top-width:3px;border-top-color:#ff9800;border-style:solid;\"><div class=\"reading-box-additional\">\n<h2>Instance officielle de la paroisse pr\u00e9vue par le Droit Canon, le Conseil pour les affaires \u00e9conomiques de l&rsquo;ensemble paroissial Aucamville-Saint-Loup Cammas \u00e9tablit son budget et veille sur nos d\u00e9penses et recettes en lien avec l&rsquo;\u00e9conomat dioc\u00e9sain. N\u00e9anmoins il n&rsquo;intervient pas dans les orientations pastorales.<\/h2>\n<\/div><div class=\"fusion-clearfix\"><\/div><\/div><\/div><div class=\"fusion-clearfix\"><\/div>\n\n\t\t\t\t\t<\/div>\n\t\t\t\t<\/div><div  class=\"fusion-layout-column fusion_builder_column fusion_builder_column_3_5  fusion-three-fifth fusion-column-first 3_5\"  style='margin-top:0px;margin-bottom:20px;width:58.4%; margin-right: 4%;'>\n\t\t\t\t\t<div class=\"fusion-column-wrapper\" style=\"padding: 0px 0px 0px 0px;background-position:left top;background-repeat:no-repeat;-webkit-background-size:cover;-moz-background-size:cover;-o-background-size:cover;background-size:cover;\"  data-bg-url=\"\">\n\t\t\t\t\t\t<div class=\"fusion-title title fusion-title-size-two\" style=\"margin-top:0px;margin-bottom:31px;\"><h2 class=\"title-heading-left\">Des droits et des devoirs de tout paroissien<\/h2><div class=\"title-sep-container\"><div class=\"title-sep sep-double sep-solid\" style=\"border-color:#e0dede;\"><\/div><\/div><\/div><div class=\"fusion-text\"><p style=\"text-align: justify;\">Le conseil paroissial pour les affaires \u00e9conomiques est constitu\u00e9 d\u2019une dizaine des personnes, la plupart ont une comp\u00e9tence particuli\u00e8re en mati\u00e8re de gestion comptable, immobili\u00e8re, assurance, etc. Il assiste P\u00e8re Joseph, cur\u00e9 de l&rsquo;ensemble paroissial Aucamville-Saint-Loup Cammas dans l\u2019administration mat\u00e9rielle de notre grande paroisse. Ses membres ont un mandat. Le conseil se r\u00e9unit environ 4 fois par an et doit communiquer r\u00e9guli\u00e8rement \u00e0 la paroisse l&rsquo;\u00e9tat de ses finances. Il a principalement pour mission d&rsquo;\u00e9tablir le budget annuel et de veiller au meilleur \u00e9quilibre entre n\u00e9cessit\u00e9s \u00e9conomiques et pastorales, de se pr\u00e9occuper de l&rsquo;entr\u00e9e r\u00e9guli\u00e8re de ressources y compris de la collecte du Denier de l\u2019\u00c9glise vers\u00e9e au Dioc\u00e8se ; de s\u2019assurer de l\u2019entretien et de l\u2019adaptation du patrimoine immobilier aux besoins pastoraux ; d&rsquo;aider financi\u00e8rement les services de la paroisse et g\u00e9rer le personnel salari\u00e9. Ainsi le conseil \u00e9conomique participe \u00e0 la recherche des moyens permettant de faire face aux \u00e9volutions de l\u2019Eglise locale et dioc\u00e9saine.<\/p>\n<\/div><div class=\"fusion-title title fusion-title-size-two\" style=\"margin-top:0px;margin-bottom:31px;\"><h2 class=\"title-heading-left\">Comment faire un don ?<\/h2><div class=\"title-sep-container\"><div class=\"title-sep sep-double sep-solid\" style=\"border-color:#e0dede;\"><\/div><\/div><\/div><div class=\"fusion-text\"><p>Pour participer financi\u00e8rement \u00e0 la vie de l&rsquo;Eglise et l&rsquo;aider dans ses missions, vous pouvez adresser vos dons :<\/p>\n<ul>\n<li>Par internet : <a href=\"https:\/\/don.diocese-toulouse.org\/denier-eglise\/~mon-don\/\">https:\/\/don.diocese-toulouse.org\/denier-eglise\/~mon-don\/<\/a>\n<ul>\n<li>Choisir \u00ab\u00a0Aucamville\u00a0\u00bb ou \u00ab\u00a0Saint-Loup-Cammas\u00a0\u00bb comme\u00a0paroisse<\/li>\n<\/ul>\n<\/li>\n<li>Par courrier : adressez un ch\u00e8que au secr\u00e9tariat de la paroisse\n<ul>\n<li>6 place de l\u2019\u00e9glise,\u00a031140 St Loup Cammas (ordre : Association dioc\u00e9saine de Toulouse)<\/li>\n<\/ul>\n<\/li>\n<li>Lors des c\u00e9l\u00e9brations : d\u00e9posez votre enveloppe dans la corbeille au moment de la qu\u00eate.<\/li>\n<\/ul>\n<\/div><div class=\"fusion-clearfix\"><\/div>\n\n\t\t\t\t\t<\/div>\n\t\t\t\t<\/div><div  class=\"fusion-layout-column fusion_builder_column fusion_builder_column_2_5  fusion-two-fifth fusion-column-last 2_5\"  style='margin-top:0px;margin-bottom:20px;width:37.6%'>\n\t\t\t\t\t<div class=\"fusion-column-wrapper\" style=\"padding: 0px 0px 0px 0px;background-position:left top;background-repeat:no-repeat;-webkit-background-size:cover;-moz-background-size:cover;-o-background-size:cover;background-size:cover;\"  data-bg-url=\"\">\n\t\t\t\t\t\t<span class=\"fusion-imageframe imageframe-none imageframe-1 hover-type-none\"><img loading=\"lazy\" src=\"http:\/\/www.paroisse-aucamville-st-loup-cammas.fr\/site\/wp-content\/uploads\/DSC_0514-300x169.jpg\" width=\"300\" height=\"169\" alt=\"\" title=\"DSC_0514\" class=\"img-responsive wp-image-16932\" srcset=\"http:\/\/www.paroisse-aucamville-st-loup-cammas.fr\/site\/wp-content\/uploads\/DSC_0514-200x113.jpg 200w, http:\/\/www.paroisse-aucamville-st-loup-cammas.fr\/site\/wp-content\/uploads\/DSC_0514-400x225.jpg 400w, http:\/\/www.paroisse-aucamville-st-loup-cammas.fr\/site\/wp-content\/uploads\/DSC_0514-600x338.jpg 600w, http:\/\/www.paroisse-aucamville-st-loup-cammas.fr\/site\/wp-content\/uploads\/DSC_0514-800x450.jpg 800w, http:\/\/www.paroisse-aucamville-st-loup-cammas.fr\/site\/wp-content\/uploads\/DSC_0514-1200x675.jpg 1200w\" sizes=\"(max-width: 800px) 100vw, 300px\" \/><\/span><div class=\"fusion-clearfix\"><\/div>\n\n\t\t\t\t\t<\/div>\n\t\t\t\t<\/div><div  class=\"fusion-layout-column fusion_builder_column fusion_builder_column_1_1  fusion-one-full fusion-column-first fusion-column-last 1_1\"  style='margin-top:15px;margin-bottom:20px;'>\n\t\t\t\t\t<div class=\"fusion-column-wrapper\" style=\"padding: 0px 0px 0px 0px;background-position:left top;background-repeat:no-repeat;-webkit-background-size:cover;-moz-background-size:cover;-o-background-size:cover;background-size:cover;\"  data-bg-url=\"\">\n\t\t\t\t\t\t<div class=\"fusion-content-boxes content-boxes columns row fusion-columns-1 fusion-columns-total-1 fusion-content-boxes-1 content-boxes-icon-boxed content-left\" data-animationOffset=\"100%\" style=\"margin-top:0px;margin-bottom:60px;\"><style type=\"text\/css\" scoped=\"scoped\">.fusion-content-boxes-1 .heading .content-box-heading {color:#333333;}\n\t\t\t\t\t.fusion-content-boxes-1 .fusion-content-box-hover .link-area-link-icon-hover .heading .content-box-heading,\n\t\t\t\t\t.fusion-content-boxes-1 .fusion-content-box-hover .link-area-link-icon-hover .heading .heading-link .content-box-heading,\n\t\t\t\t\t.fusion-content-boxes-1 .fusion-content-box-hover .link-area-box-hover .heading .content-box-heading,\n\t\t\t\t\t.fusion-content-boxes-1 .fusion-content-box-hover .link-area-box-hover .heading .heading-link .content-box-heading,\n\t\t\t\t\t.fusion-content-boxes-1 .fusion-content-box-hover .link-area-link-icon-hover.link-area-box .fusion-read-more,\n\t\t\t\t\t.fusion-content-boxes-1 .fusion-content-box-hover .link-area-link-icon-hover.link-area-box .fusion-read-more::after,\n\t\t\t\t\t.fusion-content-boxes-1 .fusion-content-box-hover .link-area-link-icon-hover.link-area-box .fusion-read-more::before,\n\t\t\t\t\t.fusion-content-boxes-1 .fusion-content-box-hover .fusion-read-more:hover:after,\n\t\t\t\t\t.fusion-content-boxes-1 .fusion-content-box-hover .fusion-read-more:hover:before,\n\t\t\t\t\t.fusion-content-boxes-1 .fusion-content-box-hover .fusion-read-more:hover,\n\t\t\t\t\t.fusion-content-boxes-1 .fusion-content-box-hover .link-area-box-hover.link-area-box .fusion-read-more,\n\t\t\t\t\t.fusion-content-boxes-1 .fusion-content-box-hover .link-area-box-hover.link-area-box .fusion-read-more::after,\n\t\t\t\t\t.fusion-content-boxes-1 .fusion-content-box-hover .link-area-box-hover.link-area-box .fusion-read-more::before,\n\t\t\t\t\t.fusion-content-boxes-1 .fusion-content-box-hover .link-area-link-icon-hover .icon .circle-no,\n\t\t\t\t\t.fusion-content-boxes-1 .heading .heading-link:hover .content-box-heading {\n\t\t\t\t\t\tcolor: #a0ce4e;\n\t\t\t\t\t}\n\t\t\t\t\t.fusion-content-boxes-1 .fusion-content-box-hover .link-area-box-hover .icon .circle-no {\n\t\t\t\t\t\tcolor: #a0ce4e !important;\n\t\t\t\t\t}.fusion-content-boxes-1 .fusion-content-box-hover .link-area-box.link-area-box-hover .fusion-content-box-button {background: #ff9800;color: #ffffff;}.fusion-content-boxes-1 .fusion-content-box-hover .link-area-box.link-area-box-hover .fusion-content-box-button .fusion-button-text {color: #ffffff;}\n\t\t\t\t\t.fusion-content-boxes-1 .fusion-content-box-hover .link-area-link-icon-hover .heading .icon > span {\n\t\t\t\t\t\tbackground-color: #a0ce4e !important;\n\t\t\t\t\t}\n\t\t\t\t\t.fusion-content-boxes-1 .fusion-content-box-hover .link-area-box-hover .heading .icon > span {\n\t\t\t\t\t\tborder-color: #a0ce4e !important;\n\t\t\t\t\t}<\/style><div class=\"fusion-column content-box-column content-box-column content-box-column-1 col-lg-12 col-md-12 col-sm-12 fusion-content-box-hover  content-box-column-last\"><div class=\"col content-wrapper content-wrapper-boxed link-area-link-icon icon-hover-animation-fade\" style=\"background-color:rgba(255,255,255,0);\" data-animationOffset=\"100%\"><div class=\"heading heading-with-icon icon-left\"><div class=\"icon\"><i style=\"border-color:#333333;border-width:1px;background-color:#333333;box-sizing:content-box;height:42px;width:42px;line-height:42px;top:-71px;margin-left:-21px;border-radius:50%;color:#ffffff;font-size:21px;\" class=\"fontawesome-icon  fa fa-hand-o-down circle-yes\"><\/i><\/div><h2 class=\"content-box-heading\" style=\"font-size:18px;line-height:23px;\">Que dit le droit canon ?<\/h2><\/div><div class=\"fusion-clearfix\"><\/div><div class=\"content-container\" style=\"color:#747474;\">\n<p style=\"text-align: left;\">Le Canon \u00a0537 \u00e9nonce :<\/p>\n<blockquote>\n<p style=\"text-align: left;\">\u00ab\u00a0Il y aura dans chaque paroisse le conseil pour les affaires \u00e9conomiques qui sera r\u00e9gi, en plus du droit universel, par les r\u00e8gles que l&rsquo;Ev\u00eaque dioc\u00e9sain aura port\u00e9es : dans ce conseil, des la\u00efcs, choisis selon ces r\u00e8gles apporteront leur aide au cur\u00e9 pour l&rsquo;administration des biens de la paroisse &#8230; \u00bb.<\/p>\n<\/blockquote>\n<p style=\"text-align: left;\">Et le Canon 221, chapitre 1 :<\/p>\n<blockquote>\n<p style=\"text-align: left;\">\u00ab Les fid\u00e8les sont tenus par l&rsquo;obligation de subvenir aux besoins de l\u2019\u00c9glise afin qu&rsquo;elle dispose de ce qui est n\u00e9cessaire au culte divin, aux \u0153uvres d&rsquo;apostolat et de charit\u00e9 et \u00e0 l&rsquo;honn\u00eate subsistance de ses ministres \u00bb.<\/p>\n<\/blockquote>\n<\/div><\/div><\/div><style type=\"text\/css\" scoped=\"scoped\">\n\t\t\t\t\t\t.fusion-content-boxes-1 .fusion-content-box-hover .heading-link:hover .icon i.circle-yes,\n\t\t\t\t\t\t.fusion-content-boxes-1 .fusion-content-box-hover .link-area-box:hover .heading-link .icon i.circle-yes,\n\t\t\t\t\t\t.fusion-content-boxes-1 .fusion-content-box-hover .link-area-link-icon-hover .heading .icon i.circle-yes,\n\t\t\t\t\t\t.fusion-content-boxes-1 .fusion-content-box-hover .link-area-box-hover .heading .icon i.circle-yes {\n\t\t\t\t\t\t\tbackground-color: #a0ce4e !important;\n\t\t\t\t\t\t\tborder-color: #a0ce4e !important;\n\t\t\t\t\t\t}<\/style><div class=\"fusion-clearfix\"><\/div><\/div><div class=\"fusion-clearfix\"><\/div>\n\n\t\t\t\t\t<\/div>\n\t\t\t\t<\/div><\/div><\/div>\n","protected":false},"excerpt":{"rendered":"","protected":false},"author":1,"featured_media":0,"parent":0,"menu_order":0,"comment_status":"closed","ping_status":"closed","template":"","meta":[],"_links":{"self":[{"href":"http:\/\/www.paroisse-aucamville-st-loup-cammas.fr\/site\/wp-json\/wp\/v2\/pages\/12339"}],"collection":[{"href":"http:\/\/www.paroisse-aucamville-st-loup-cammas.fr\/site\/wp-json\/wp\/v2\/pages"}],"about":[{"href":"http:\/\/www.paroisse-aucamville-st-loup-cammas.fr\/site\/wp-json\/wp\/v2\/types\/page"}],"author":[{"embeddable":true,"href":"http:\/\/www.paroisse-aucamville-st-loup-cammas.fr\/site\/wp-json\/wp\/v2\/users\/1"}],"replies":[{"embeddable":true,"href":"http:\/\/www.paroisse-aucamville-st-loup-cammas.fr\/site\/wp-json\/wp\/v2\/comments?post=12339"}],"version-history":[{"count":14,"href":"http:\/\/www.paroisse-aucamville-st-loup-cammas.fr\/site\/wp-json\/wp\/v2\/pages\/12339\/revisions"}],"predecessor-version":[{"id":16934,"href":"http:\/\/www.paroisse-aucamville-st-loup-cammas.fr\/site\/wp-json\/wp\/v2\/pages\/12339\/revisions\/16934"}],"wp:attachment":[{"href":"http:\/\/www.paroisse-aucamville-st-loup-cammas.fr\/site\/wp-json\/wp\/v2\/media?parent=12339"}],"curies":[{"name":"wp","href":"https:\/\/api.w.org\/{rel}","templated":true}]}}