{"id":12927,"date":"2016-09-07T20:29:09","date_gmt":"2016-09-07T19:29:09","guid":{"rendered":"http:\/\/www.paroisse-aucamville-st-loup-cammas.fr\/site\/?page_id=12927"},"modified":"2024-09-20T15:24:39","modified_gmt":"2024-09-20T14:24:39","slug":"communaute","status":"publish","type":"page","link":"https:\/\/www.paroisse-aucamville-st-loup-cammas.fr\/site\/communaute\/","title":{"rendered":"La communaut\u00e9"},"content":{"rendered":"<div class=\"fusion-fullwidth fullwidth-box nonhundred-percent-fullwidth non-hundred-percent-height-scrolling\"  style='background-color: rgba(255,255,255,0);background-position: left top;background-repeat: no-repeat;padding-top:20px;padding-right:0px;padding-bottom:20px;padding-left:0px;border-top-width:0px;border-bottom-width:0px;border-color:#eae9e9;border-top-style:solid;border-bottom-style:solid;'><div class=\"fusion-builder-row fusion-row \"><div  class=\"fusion-layout-column fusion_builder_column fusion_builder_column_1_1  fusion-one-full fusion-column-first fusion-column-last 1_1\"  style='margin-top:0px;margin-bottom:0px;'>\n\t\t\t\t\t<div class=\"fusion-column-wrapper\" style=\"padding: 0px 0px 0px 0px;background-position:left top;background-repeat:no-repeat;-webkit-background-size:cover;-moz-background-size:cover;-o-background-size:cover;background-size:cover;\"  data-bg-url=\"\">\n\t\t\t\t\t\t<style type='text\/css'>.reading-box-container-1 .element-bottomshadow:before,.reading-box-container-1 .element-bottomshadow:after{opacity:0.7;}<\/style><div class=\"fusion-reading-box-container reading-box-container-1\" style=\"margin-top:0px;margin-bottom:15px;\"><div class=\"reading-box\" style=\"background-color:#f6f6f6;border-width:1px;border-color:#f6f6f6;border-top-width:3px;border-top-color:#ff9800;border-style:solid;\"><div class=\"reading-box-additional\">\n<h2 style=\"text-align: justify;\">Notre Ensemble paroissial Aucamville-Saint-Loup Cammas est n\u00e9 le 1<sup>er<\/sup> septembre 2015 d&rsquo;un projet dioc\u00e9sain de redynamisation missionnaire. Territoire du nord toulousain, \u00e0 la fois urbain et rural, il conna\u00eet une vie pastorale dense. Petit tour d\u2019horizon d\u2019une paroisse catholique.<\/h2>\n<\/div><div class=\"fusion-clearfix\"><\/div><\/div><\/div><div class=\"fusion-clearfix\"><\/div>\n\n\t\t\t\t\t<\/div>\n\t\t\t\t<\/div><div  class=\"fusion-layout-column fusion_builder_column fusion_builder_column_1_3  fusion-one-third fusion-column-first 1_3\"  style='margin-top:0px;margin-bottom:20px;width:30.6666%; margin-right: 4%;'>\n\t\t\t\t\t<div class=\"fusion-column-wrapper\" style=\"padding: 0px 0px 0px 0px;background-position:left top;background-repeat:no-repeat;-webkit-background-size:cover;-moz-background-size:cover;-o-background-size:cover;background-size:cover;\"  data-bg-url=\"\">\n\t\t\t\t\t\t<span class=\"fusion-imageframe imageframe-none imageframe-1 hover-type-none\"><img loading=\"lazy\" src=\"http:\/\/www.paroisse-aucamville-st-loup-cammas.fr\/site\/wp-content\/uploads\/IMG_0976-E-800x600.jpg\" width=\"800\" height=\"600\" alt=\"\" title=\"La communaut\u00e9\" class=\"img-responsive\"\/><\/span><div class=\"fusion-clearfix\"><\/div>\n\n\t\t\t\t\t<\/div>\n\t\t\t\t<\/div><div  class=\"fusion-layout-column fusion_builder_column fusion_builder_column_2_3  fusion-two-third fusion-column-last 2_3\"  style='margin-top:20px;margin-bottom:20px;width:65.3333%'>\n\t\t\t\t\t<div class=\"fusion-column-wrapper\" style=\"padding: 0px 0px 0px 0px;background-position:left top;background-repeat:no-repeat;-webkit-background-size:cover;-moz-background-size:cover;-o-background-size:cover;background-size:cover;\"  data-bg-url=\"\">\n\t\t\t\t\t\t<div class=\"fusion-text\"><p style=\"text-align: justify;\">Notre <a href=\"http:\/\/www.paroisse-aucamville-st-loup-cammas.fr\/site\/territoire\/\">Ensemble paroissial<\/a> Aucamville-Saint-Loup Cammas rassemble les communaut\u00e9s chr\u00e9tiennes catholiques de Aucamville, Bazus, Castelginest, C\u00e9pet, Fonbeauzard, Gargas, Labastide Saint-Sernin, Lalande, Montberon, Pechbonnieu, Saint-Alban, Saint-Loup Cammas et Villari\u00e8s. \u00a0Elle fait partie du <a href=\"http:\/\/toulouse.catholique.fr\/Doyenne-Notre-Dame-de-l-Hers-et-du-Girou\" target=\"_blank\" rel=\"noopener noreferrer\">Doyenn\u00e9 Notre Dame de l&rsquo;Hers et du Girou<\/a> dont le Doyen est l&rsquo;Abb\u00e9 Arthur de Leffe, cur\u00e9 de l&rsquo;ensemble paroissial Montastruc-Verfeil.<\/p>\n<p style=\"text-align: justify;\">Notre Ensemble paroissial est anim\u00e9 par P\u00e8re <a href=\"http:\/\/www.paroisse-aucamville-st-loup-cammas.fr\/site\/les_pretres_et_diacre\/\" target=\"_blank\" rel=\"noopener noreferrer\">Gibson Bangu<\/a>, cur\u00e9, P\u00e8re Pascal Fagniez\u00a0vicaire, ainsi que P\u00e8re <a href=\"http:\/\/www.paroisse-aucamville-st-loup-cammas.fr\/site\/les_pretres_et_diacre\/\">Pierre Protot, <\/a>tous deux membres de la communaut\u00e9 de l&rsquo;Emmanuel qui sont pr\u00eatres coop\u00e9rateurs. Ils sont soutenus dans leur mission pastorale par deux diacres : <a href=\"http:\/\/www.paroisse-aucamville-st-loup-cammas.fr\/site\/les_pretres_et_diacre\/\" target=\"_blank\" rel=\"noopener noreferrer\">Jos\u00e9 Raisson <\/a> et Guy de Beler ; \u00e9galement par l&rsquo;<a href=\"http:\/\/www.paroisse-aucamville-st-loup-cammas.fr\/site\/eap\/\">\u00c9quipe d&rsquo;animation pastorale<\/a>, le <a href=\"http:\/\/www.paroisse-aucamville-st-loup-cammas.fr\/site\/conseil-economique\/\">Conseil paroissial \u00e9conomique<\/a>, le<a href=\"http:\/\/www.paroisse-aucamville-st-loup-cammas.fr\/site\/secretariat\/\"> secr\u00e9tariat<\/a> et les <a href=\"http:\/\/www.paroisse-aucamville-st-loup-cammas.fr\/site\/cpl\/\">Communaut\u00e9s paroissiales locales<\/a> (CPL).<\/p>\n<p style=\"text-align: justify;\">En lien avec l&rsquo;<a href=\"http:\/\/www.paroisse-aucamville-st-loup-cammas.fr\/site\/liturgie\/\">\u00e9quipe liturgie <\/a>et la <a href=\"http:\/\/www.paroisse-aucamville-st-loup-cammas.fr\/site\/chorale\/\">chorale<\/a>, au moins <a href=\"http:\/\/www.paroisse-aucamville-st-loup-cammas.fr\/site\/messes-et-celebrations\/\">cinq messes<\/a> sont c\u00e9l\u00e9br\u00e9es chaque week-end en temps normal, dans l&rsquo;<a href=\"http:\/\/www.paroisse-aucamville-st-loup-cammas.fr\/site\/eglises\/\">une des \u00e9glises de la paroisse<\/a>. Chaque jour (sauf le lundi), l\u2019<a href=\"http:\/\/www.paroisse-aucamville-st-loup-cammas.fr\/site\/eucharistie\/\">Eucharistie<\/a> est \u00e9galement c\u00e9l\u00e9br\u00e9e dans l\u2019<a href=\"http:\/\/www.paroisse-aucamville-st-loup-cammas.fr\/site\/eglises\/\">une de nos \u00e9glises<\/a>. Une fois par mois dans chaque maison de retraite et \u00e0 la clinique de Montberon ; ces c\u00e9l\u00e9brations sont pr\u00e9par\u00e9es avec le Service \u00e9vang\u00e9lique des malades.<\/p>\n<\/div><div class=\"fusion-clearfix\"><\/div>\n\n\t\t\t\t\t<\/div>\n\t\t\t\t<\/div><div  class=\"fusion-layout-column fusion_builder_column fusion_builder_column_1_1  fusion-one-full fusion-column-first fusion-column-last 1_1\"  style='margin-top:0px;margin-bottom:20px;'>\n\t\t\t\t\t<div class=\"fusion-column-wrapper\" style=\"padding: 0px 0px 0px 0px;background-position:left top;background-repeat:no-repeat;-webkit-background-size:cover;-moz-background-size:cover;-o-background-size:cover;background-size:cover;\"  data-bg-url=\"\">\n\t\t\t\t\t\t<div class=\"fusion-text\"><p style=\"text-align: justify;\">Nos <a href=\"http:\/\/www.paroisse-aucamville-st-loup-cammas.fr\/site\/les_pretres_et_diacre\/\">pr\u00eatres <\/a>sont \u00e9galement soutenus par les diff\u00e9rentes \u00e9quipes \u00ab\u00a0<a href=\"http:\/\/www.paroisse-aucamville-st-loup-cammas.fr\/site\/funerailles\/\">fun\u00e9railles<\/a>\u00ab\u00a0, \u00ab\u00a0<a href=\"http:\/\/www.paroisse-aucamville-st-loup-cammas.fr\/site\/bapteme-chretien\/\">bapt\u00eame<\/a>\u00ab\u00a0, \u00ab\u00a0<a href=\"http:\/\/www.paroisse-aucamville-st-loup-cammas.fr\/site\/confirmation\/\">confirmation<\/a>\u00ab\u00a0, \u00ab\u00a0<a href=\"http:\/\/www.paroisse-aucamville-st-loup-cammas.fr\/site\/mariage-chretien\/\">mariage<\/a>\u00ab\u00a0, qui permettent \u00e0 chacun de vivre les sacrements de l&rsquo;Eglise et grandir ainsi dans la foi.<\/p>\n<p style=\"text-align: justify;\">A ceux qui se sentent appel\u00e9s \u00e0 faire un premier pas vers Christ, l&rsquo;Ensemble paroissial propose un lieu de paroles ouvert \u00e0 tous avec \u00ab\u00a0La maison de la fraternit\u00e9\u00a0\u00bb. Pr\u00e8s de 250\u00a0enfants et jeunes sont inscrits dans les diff\u00e9rents groupes d\u2019<a href=\"http:\/\/www.paroisse-aucamville-st-loup-cammas.fr\/site\/eveil-a-la-foi\/\">Eveil \u00e0 la foi<\/a>, de <a href=\"http:\/\/www.paroisse-aucamville-st-loup-cammas.fr\/site\/catechisme\/\">Cat\u00e9chisme<\/a>, d&rsquo;<a href=\"http:\/\/www.paroisse-aucamville-st-loup-cammas.fr\/site\/aumonerie\/\">Aum\u00f4nerie<\/a>, de \u00ab\u00a0Grands jeunes\u00a0\u00bb. Notre Ensemble paroissial compte \u00e9galement divers services et mouvements offrant \u00e0 tous, dans l&rsquo;unit\u00e9 du Christ, la possibilit\u00e9 de vivre pleinement la Joie de l\u2019\u00c9vangile.<\/p>\n<\/div><div class=\"fusion-clearfix\"><\/div>\n\n\t\t\t\t\t<\/div>\n\t\t\t\t<\/div><div  class=\"fusion-layout-column fusion_builder_column fusion_builder_column_1_1  fusion-one-full fusion-column-first fusion-column-last 1_1\"  style='margin-top:0px;margin-bottom:20px;'>\n\t\t\t\t\t<div class=\"fusion-column-wrapper\" style=\"padding: 0px 0px 0px 0px;background-position:left top;background-repeat:no-repeat;-webkit-background-size:cover;-moz-background-size:cover;-o-background-size:cover;background-size:cover;\"  data-bg-url=\"\">\n\t\t\t\t\t\t<div class=\"fusion-content-boxes content-boxes columns row fusion-columns-1 fusion-columns-total-1 fusion-content-boxes-1 content-boxes-icon-boxed content-left\" data-animationOffset=\"100%\" style=\"margin-top:0px;margin-bottom:60px;\"><style type=\"text\/css\" scoped=\"scoped\">.fusion-content-boxes-1 .heading .content-box-heading {color:#333333;}\n\t\t\t\t\t.fusion-content-boxes-1 .fusion-content-box-hover .link-area-link-icon-hover .heading .content-box-heading,\n\t\t\t\t\t.fusion-content-boxes-1 .fusion-content-box-hover .link-area-link-icon-hover .heading .heading-link .content-box-heading,\n\t\t\t\t\t.fusion-content-boxes-1 .fusion-content-box-hover .link-area-box-hover .heading .content-box-heading,\n\t\t\t\t\t.fusion-content-boxes-1 .fusion-content-box-hover .link-area-box-hover .heading .heading-link .content-box-heading,\n\t\t\t\t\t.fusion-content-boxes-1 .fusion-content-box-hover .link-area-link-icon-hover.link-area-box .fusion-read-more,\n\t\t\t\t\t.fusion-content-boxes-1 .fusion-content-box-hover .link-area-link-icon-hover.link-area-box .fusion-read-more::after,\n\t\t\t\t\t.fusion-content-boxes-1 .fusion-content-box-hover .link-area-link-icon-hover.link-area-box .fusion-read-more::before,\n\t\t\t\t\t.fusion-content-boxes-1 .fusion-content-box-hover .fusion-read-more:hover:after,\n\t\t\t\t\t.fusion-content-boxes-1 .fusion-content-box-hover .fusion-read-more:hover:before,\n\t\t\t\t\t.fusion-content-boxes-1 .fusion-content-box-hover .fusion-read-more:hover,\n\t\t\t\t\t.fusion-content-boxes-1 .fusion-content-box-hover .link-area-box-hover.link-area-box .fusion-read-more,\n\t\t\t\t\t.fusion-content-boxes-1 .fusion-content-box-hover .link-area-box-hover.link-area-box .fusion-read-more::after,\n\t\t\t\t\t.fusion-content-boxes-1 .fusion-content-box-hover .link-area-box-hover.link-area-box .fusion-read-more::before,\n\t\t\t\t\t.fusion-content-boxes-1 .fusion-content-box-hover .link-area-link-icon-hover .icon .circle-no,\n\t\t\t\t\t.fusion-content-boxes-1 .heading .heading-link:hover .content-box-heading {\n\t\t\t\t\t\tcolor: #a0ce4e;\n\t\t\t\t\t}\n\t\t\t\t\t.fusion-content-boxes-1 .fusion-content-box-hover .link-area-box-hover .icon .circle-no {\n\t\t\t\t\t\tcolor: #a0ce4e !important;\n\t\t\t\t\t}.fusion-content-boxes-1 .fusion-content-box-hover .link-area-box.link-area-box-hover .fusion-content-box-button {background: #ff9800;color: #ffffff;}.fusion-content-boxes-1 .fusion-content-box-hover .link-area-box.link-area-box-hover .fusion-content-box-button .fusion-button-text {color: #ffffff;}\n\t\t\t\t\t.fusion-content-boxes-1 .fusion-content-box-hover .link-area-link-icon-hover .heading .icon > span {\n\t\t\t\t\t\tbackground-color: #a0ce4e !important;\n\t\t\t\t\t}\n\t\t\t\t\t.fusion-content-boxes-1 .fusion-content-box-hover .link-area-box-hover .heading .icon > span {\n\t\t\t\t\t\tborder-color: #a0ce4e !important;\n\t\t\t\t\t}<\/style><div class=\"fusion-column content-box-column content-box-column content-box-column-1 col-lg-12 col-md-12 col-sm-12 fusion-content-box-hover  content-box-column-last\"><div class=\"col content-wrapper content-wrapper-boxed link-area-link-icon icon-hover-animation-fade\" style=\"background-color:rgba(255,255,255,0);\" data-animationOffset=\"100%\"><div class=\"heading heading-with-icon icon-left\"><div class=\"icon\"><i style=\"border-color:#333333;border-width:1px;background-color:#333333;box-sizing:content-box;height:42px;width:42px;line-height:42px;top:-71px;margin-left:-21px;border-radius:50%;color:#ffffff;font-size:21px;\" class=\"fontawesome-icon fa-map-signs fas circle-yes\"><\/i><\/div><h2 class=\"content-box-heading\" style=\"font-size:18px;line-height:23px;\">Nous trouver en pratique<\/h2><\/div><div class=\"fusion-clearfix\"><\/div><div class=\"content-container\" style=\"color:#747474;\">\n<p style=\"text-align: justify;\">Nos <a href=\"http:\/\/www.paroisse-aucamville-st-loup-cammas.fr\/site\/les_pretres_et_diacre\/\">pr\u00eatres<\/a>, le <a href=\"http:\/\/www.paroisse-aucamville-st-loup-cammas.fr\/site\/secretariat\/\">secr\u00e9tariat<\/a>, les coordinatrices et coordinateurs des services et mouvements vous accueillent<a href=\"http:\/\/www.paroisse-aucamville-st-loup-cammas.fr\/site\/contact\/\"> sur un simple appel t\u00e9l\u00e9phonique ou e-mail<\/a>.<br \/>\nNos <a href=\"http:\/\/www.paroisse-aucamville-st-loup-cammas.fr\/site\/eglises\/\">\u00e9glises <\/a>vous sont ouvertes (<a href=\"http:\/\/www.paroisse-aucamville-st-loup-cammas.fr\/site\/cpl\/\">contacter les CPL<\/a>)<br \/>\nNos rencontres, r\u00e9unions de travail, repas partag\u00e9s, cat\u00e9chisme&#8230; ont lieu dans les centres pastoraux :<\/p>\n<ul>\n<li style=\"text-align: justify;\">centre pastoral de Castelginest, 9 rue Malconseil, 31 780 Castelginest,<\/li>\n<li style=\"text-align: justify;\">centre pastoral de Labastide Saint-Sernin, 1 route de Gargas, 31 620 Labastide Saint-Sernin<\/li>\n<li style=\"text-align: justify;\">centre pastoral de Saint-Alban (Maison de la Fraternit\u00e9), 23 bis chemin des \u00e9coles, 31 140 Saint-Alban<\/li>\n<li style=\"text-align: justify;\">centre pastoral de Saint-Loup Cammas, 2bis chemin Puntous, 31 140 Saint-Loup Cammas<\/li>\n<li style=\"text-align: justify;\">centre pastoral de Lalande, 6 chemin de l&rsquo;\u00e9glise de Lalande, 31 200 Toulouse<\/li>\n<li style=\"text-align: justify;\">salles paroissiales d&rsquo;Aucamville, \u00a0all\u00e9e du cimeti\u00e8re, 31 140 Aucamville<\/li>\n<li style=\"text-align: justify;\">salles de cat\u00e9chisme d&rsquo;Aucamville, all\u00e9e de l&rsquo;\u00e9glise, 460 route de Fronton, 31 140 Aucamville<\/li>\n<\/ul>\n<\/div><\/div><\/div><style type=\"text\/css\" scoped=\"scoped\">\n\t\t\t\t\t\t.fusion-content-boxes-1 .fusion-content-box-hover .heading-link:hover .icon i.circle-yes,\n\t\t\t\t\t\t.fusion-content-boxes-1 .fusion-content-box-hover .link-area-box:hover .heading-link .icon i.circle-yes,\n\t\t\t\t\t\t.fusion-content-boxes-1 .fusion-content-box-hover .link-area-link-icon-hover .heading .icon i.circle-yes,\n\t\t\t\t\t\t.fusion-content-boxes-1 .fusion-content-box-hover .link-area-box-hover .heading .icon i.circle-yes {\n\t\t\t\t\t\t\tbackground-color: #a0ce4e !important;\n\t\t\t\t\t\t\tborder-color: #a0ce4e !important;\n\t\t\t\t\t\t}<\/style><div class=\"fusion-clearfix\"><\/div><\/div><div class=\"fusion-clearfix\"><\/div>\n\n\t\t\t\t\t<\/div>\n\t\t\t\t<\/div><\/div><\/div>\n","protected":false},"excerpt":{"rendered":"","protected":false},"author":1,"featured_media":0,"parent":0,"menu_order":0,"comment_status":"closed","ping_status":"closed","template":"","meta":[],"_links":{"self":[{"href":"https:\/\/www.paroisse-aucamville-st-loup-cammas.fr\/site\/wp-json\/wp\/v2\/pages\/12927"}],"collection":[{"href":"https:\/\/www.paroisse-aucamville-st-loup-cammas.fr\/site\/wp-json\/wp\/v2\/pages"}],"about":[{"href":"https:\/\/www.paroisse-aucamville-st-loup-cammas.fr\/site\/wp-json\/wp\/v2\/types\/page"}],"author":[{"embeddable":true,"href":"https:\/\/www.paroisse-aucamville-st-loup-cammas.fr\/site\/wp-json\/wp\/v2\/users\/1"}],"replies":[{"embeddable":true,"href":"https:\/\/www.paroisse-aucamville-st-loup-cammas.fr\/site\/wp-json\/wp\/v2\/comments?post=12927"}],"version-history":[{"count":20,"href":"https:\/\/www.paroisse-aucamville-st-loup-cammas.fr\/site\/wp-json\/wp\/v2\/pages\/12927\/revisions"}],"predecessor-version":[{"id":20074,"href":"https:\/\/www.paroisse-aucamville-st-loup-cammas.fr\/site\/wp-json\/wp\/v2\/pages\/12927\/revisions\/20074"}],"wp:attachment":[{"href":"https:\/\/www.paroisse-aucamville-st-loup-cammas.fr\/site\/wp-json\/wp\/v2\/media?parent=12927"}],"curies":[{"name":"wp","href":"https:\/\/api.w.org\/{rel}","templated":true}]}}